{"id":21,"date":"2026-03-24T16:43:49","date_gmt":"2026-03-24T15:43:49","guid":{"rendered":"https:\/\/www.tax-norma.cz\/?page_id=21"},"modified":"2026-04-01T11:51:17","modified_gmt":"2026-04-01T09:51:17","slug":"ochrana-osobnich-udaju","status":"publish","type":"page","link":"https:\/\/www.tax-norma.cz\/en\/ochrana-osobnich-udaju\/","title":{"rendered":"Privacy Policy"},"content":{"rendered":"<h4 class=\"wp-block-heading\"><strong>Privacy Policy<\/strong><\/h4>\n\n\n\n<p><strong>I. Basic Provisions<\/strong><\/p>\n\n\n\n<ol class=\"wp-block-list\">\n<li>The controller of personal data pursuant to Article 4 (7) of Regulation (EU) 2016\/679 of the European Parliament and of the Council on the protection of natural persons with regard to the processing of personal data and on the free movement of such data (hereinafter: the \"GDPR\") is Tax-Norma s.r.o., Company ID No. (I\u010c): 29005159, with its registered office at Sokolsk\u00e1 1365, 460 01 Liberec (hereinafter: the \"Controller\").<\/li>\n<\/ol>\n\n\n\n<ol start=\"2\" class=\"wp-block-list\">\n<li>The contact details of the Controller are:<\/li>\n<\/ol>\n\n\n\n<ul class=\"wp-block-list\">\n<li>address: Sokolsk\u00e1 1365, 460 01 Liberec<\/li>\n\n\n\n<li>email: tax-norma@tax-norma.cz<\/li>\n\n\n\n<li>phone number: +420 602 843 421<\/li>\n<\/ul>\n\n\n\n<ol start=\"3\" class=\"wp-block-list\">\n<li>Personal data means any information relating to an identified or identifiable natural person.<\/li>\n<\/ol>\n\n\n\n<ol start=\"4\" class=\"wp-block-list\">\n<li>The Controller has not appointed a Data Protection Officer.<\/li>\n<\/ol>\n\n\n\n<p><strong>II. Sources and Categories of Processed Personal Data<\/strong><\/p>\n\n\n\n<ol class=\"wp-block-list\">\n<li>The Controller processes personal data that you have provided via the contact form on the website.<\/li>\n\n\n\n<li>The Controller processes your identification and contact details (in particular, your first name, last name, email, phone number) and the content of your message, which are necessary to process your inquiry or request.<\/li>\n<\/ol>\n\n\n\n<p><strong>III. Lawful Basis and Purpose of Processing Personal Data<\/strong><\/p>\n\n\n\n<ol class=\"wp-block-list\">\n<li>The lawful basis for processing personal data is:<\/li>\n<\/ol>\n\n\n\n<ul class=\"wp-block-list\">\n<li>taking steps at the request of the data subject prior to entering into a contract pursuant to Article 6(1)(b) of the GDPR (processing your inquiry or request).<\/li>\n\n\n\n<li>the legitimate interest of the Controller pursuant to Article 6(1)(f) of the GDPR (communication with potential clients).<\/li>\n<\/ul>\n\n\n\n<ol start=\"2\" class=\"wp-block-list\">\n<li>The purpose of processing personal data is:<\/li>\n<\/ol>\n\n\n\n<ul class=\"wp-block-list\">\n<li>to answer your inquiry or process the request sent via the contact form. Without providing this data, it is not possible to respond to your inquiry.<\/li>\n<\/ul>\n\n\n\n<ol start=\"3\" class=\"wp-block-list\">\n<li>There is no automated individual decision-making on the part of the Controller within the meaning of Article 22 of the GDPR.<\/li>\n<\/ol>\n\n\n\n<p><strong>IV. Data Retention Period<\/strong><\/p>\n\n\n\n<ol class=\"wp-block-list\">\n<li>The Controller retains personal data:<\/li>\n<\/ol>\n\n\n\n<ul class=\"wp-block-list\">\n<li>for the period necessary to process your inquiry and for subsequent communication, but no longer than 1 year from the end of mutual communication, unless a business relationship is established.<\/li>\n\n\n\n<li>In the event of concluding a contract\/order, the data is retained for the period stipulated by applicable laws (in particular, the Accounting Act).<\/li>\n<\/ul>\n\n\n\n<ol start=\"2\" class=\"wp-block-list\">\n<li>After the personal data retention period expires, the Controller will delete the personal data.<\/li>\n<\/ol>\n\n\n\n<p><strong>V. Recipients of Personal Data<\/strong><\/p>\n\n\n\n<ol class=\"wp-block-list\">\n<li>Recipients of personal data are persons:<\/li>\n<\/ol>\n\n\n\n<ul class=\"wp-block-list\">\n<li>involved in the operation of the website.<\/li>\n<\/ul>\n\n\n\n<ol start=\"2\" class=\"wp-block-list\">\n<li>The Controller does not intend to transfer personal data to a third country (a non-EU country) or to an international organization.<\/li>\n<\/ol>\n\n\n\n<p><strong>VI. Your Rights<\/strong><\/p>\n\n\n\n<ol class=\"wp-block-list\">\n<li>Under the conditions set out in the GDPR, you have:<\/li>\n<\/ol>\n\n\n\n<ul class=\"wp-block-list\">\n<li>the right to access your personal data pursuant to Article 15 of the GDPR,<\/li>\n\n\n\n<li>the right to rectification of personal data pursuant to Article 16 of the GDPR, or restriction of processing pursuant to Article 18 of the GDPR,<\/li>\n\n\n\n<li>the right to erasure of personal data pursuant to Article 17 of the GDPR,<\/li>\n\n\n\n<li>the right to object to processing pursuant to Article 21 of the GDPR, and<\/li>\n\n\n\n<li>the right to data portability pursuant to Article 20 of the GDPR.<\/li>\n<\/ul>\n\n\n\n<ol start=\"2\" class=\"wp-block-list\">\n<li>Furthermore, you have the right to file a complaint with the Office for Personal Data Protection (\u00da\u0159ad pro ochranu osobn\u00edch \u00fadaj\u016f) if you believe that your right to personal data protection has been violated.<\/li>\n<\/ol>\n\n\n\n<p><strong>VII. Personal Data Security Conditions<\/strong><\/p>\n\n\n\n<ol class=\"wp-block-list\">\n<li>The Controller declares that it has taken all appropriate technical and organizational measures to secure personal data.<\/li>\n\n\n\n<li>The Controller has taken technical measures to secure data repositories and repositories of personal data in physical (paper) form.<\/li>\n\n\n\n<li>The Controller declares that only persons authorized by it have access to personal data.<\/li>\n<\/ol>\n\n\n\n<p><strong>VIII. Final Provisions<\/strong><\/p>\n\n\n\n<ol class=\"wp-block-list\">\n<li>By submitting a message from the online contact form, you confirm that you are familiar with the conditions of personal data protection and that you accept them in their entirety.<\/li>\n\n\n\n<li>The Controller is entitled to change these conditions. The new version will be published on its website.<\/li>\n<\/ol>\n\n\n\n<p>These conditions take effect on March 26, 2026.<\/p>","protected":false},"excerpt":{"rendered":"<p>Ochrana osobn\u00edch \u00fadaj\u016f I. Z\u00e1kladn\u00ed ustanoven\u00ed II. Zdroje a kategorie zpracov\u00e1van\u00fdch osobn\u00edch \u00fadaj\u016f III. Z\u00e1konn\u00fd d\u016fvod a \u00fa\u010del zpracov\u00e1n\u00ed osobn\u00edch \u00fadaj\u016f IV. Doba uchov\u00e1v\u00e1n\u00ed \u00fadaj\u016f V. P\u0159\u00edjemci osobn\u00edch \u00fadaj\u016f VI. Va\u0161e pr\u00e1va VII. Podm\u00ednky zabezpe\u010den\u00ed osobn\u00edch \u00fadaj\u016f VIII. Z\u00e1v\u011bre\u010dn\u00e1 ustanoven\u00ed Tyto podm\u00ednky nab\u00fdvaj\u00ed \u00fa\u010dinnosti dnem 26.3.2026<\/p>","protected":false},"author":3,"featured_media":0,"parent":0,"menu_order":0,"comment_status":"closed","ping_status":"closed","template":"","meta":{"footnotes":""},"class_list":["post-21","page","type-page","status-publish","hentry"],"blocksy_meta":[],"_links":{"self":[{"href":"https:\/\/www.tax-norma.cz\/en\/wp-json\/wp\/v2\/pages\/21","targetHints":{"allow":["GET"]}}],"collection":[{"href":"https:\/\/www.tax-norma.cz\/en\/wp-json\/wp\/v2\/pages"}],"about":[{"href":"https:\/\/www.tax-norma.cz\/en\/wp-json\/wp\/v2\/types\/page"}],"author":[{"embeddable":true,"href":"https:\/\/www.tax-norma.cz\/en\/wp-json\/wp\/v2\/users\/3"}],"replies":[{"embeddable":true,"href":"https:\/\/www.tax-norma.cz\/en\/wp-json\/wp\/v2\/comments?post=21"}],"version-history":[{"count":5,"href":"https:\/\/www.tax-norma.cz\/en\/wp-json\/wp\/v2\/pages\/21\/revisions"}],"predecessor-version":[{"id":296,"href":"https:\/\/www.tax-norma.cz\/en\/wp-json\/wp\/v2\/pages\/21\/revisions\/296"}],"wp:attachment":[{"href":"https:\/\/www.tax-norma.cz\/en\/wp-json\/wp\/v2\/media?parent=21"}],"curies":[{"name":"wp","href":"https:\/\/api.w.org\/{rel}","templated":true}]}}