{"id":303,"date":"2026-03-27T13:18:45","date_gmt":"2026-03-27T12:18:45","guid":{"rendered":"https:\/\/www.tax-norma.cz\/?page_id=303"},"modified":"2026-04-02T14:54:58","modified_gmt":"2026-04-02T12:54:58","slug":"volne-pozice","status":"publish","type":"page","link":"https:\/\/www.tax-norma.cz\/en\/volne-pozice\/","title":{"rendered":"Careers"},"content":{"rendered":"<div data-elementor-type=\"wp-page\" data-elementor-id=\"303\" class=\"elementor elementor-303\">\n\t\t\t\t<div class=\"elementor-element elementor-element-1239b36 e-flex e-con-boxed e-con e-parent\" data-id=\"1239b36\" data-element_type=\"container\" data-e-type=\"container\">\n\t\t\t\t\t<div class=\"e-con-inner\">\n\t\t<div class=\"elementor-element elementor-element-4022596 e-con-full e-flex e-con e-child\" data-id=\"4022596\" data-element_type=\"container\" data-e-type=\"container\" data-settings=\"{&quot;background_background&quot;:&quot;classic&quot;}\">\n\t\t\t\t<div class=\"elementor-element elementor-element-01a86b5 elementor-widget elementor-widget-heading\" data-id=\"01a86b5\" data-element_type=\"widget\" data-e-type=\"widget\" data-widget_type=\"heading.default\">\n\t\t\t\t\t<h1 class=\"elementor-heading-title elementor-size-default\">Join our team<\/h1>\t\t\t\t<\/div>\n\t\t\t\t<div class=\"elementor-element elementor-element-c740c3f elementor-widget elementor-widget-text-editor\" data-id=\"c740c3f\" data-element_type=\"widget\" data-e-type=\"widget\" data-widget_type=\"text-editor.default\">\n\t\t\t\t\t\t\t\t\t<p>Are you looking for a stable job or a flexible side income? We are a Czech family-owned company built on a fair approach. Because of this, we know every team member very well and truly value high-quality work.<\/p>\t\t\t\t\t\t\t\t<\/div>\n\t\t\t\t<\/div>\n\t\t\t\t\t<\/div>\n\t\t\t\t<\/div>\n\t\t<div class=\"elementor-element elementor-element-308c7a8 e-flex e-con-boxed e-con e-parent\" data-id=\"308c7a8\" data-element_type=\"container\" data-e-type=\"container\">\n\t\t\t\t\t<div class=\"e-con-inner\">\n\t\t\t\t<div class=\"elementor-element elementor-element-81ae698 elementor-widget elementor-widget-heading\" data-id=\"81ae698\" data-element_type=\"widget\" data-e-type=\"widget\" data-widget_type=\"heading.default\">\n\t\t\t\t\t<span class=\"elementor-heading-title elementor-size-default\">OPEN POSITIONS<\/span>\t\t\t\t<\/div>\n\t\t\t\t<div class=\"elementor-element elementor-element-cbce32c elementor-widget elementor-widget-heading\" data-id=\"cbce32c\" data-element_type=\"widget\" data-e-type=\"widget\" data-widget_type=\"heading.default\">\n\t\t\t\t\t<h2 class=\"elementor-heading-title elementor-size-default\">Who are we currently looking for?<\/h2>\t\t\t\t<\/div>\n\t\t\t\t<div class=\"elementor-element elementor-element-57be3a0 elementor-hidden-mobile elementor-widget elementor-widget-text-editor\" data-id=\"57be3a0\" data-element_type=\"widget\" data-e-type=\"widget\" data-widget_type=\"text-editor.default\">\n\t\t\t\t\t\t\t\t\t<p>Our goal is to build <strong>a positive work environment<br><\/strong>based on ethics, trust, and respect.&nbsp;<\/p>\t\t\t\t\t\t\t\t<\/div>\n\t\t\t\t<div class=\"elementor-element elementor-element-7c8e27a elementor-hidden-desktop elementor-hidden-tablet elementor-widget elementor-widget-text-editor\" data-id=\"7c8e27a\" data-element_type=\"widget\" data-e-type=\"widget\" data-widget_type=\"text-editor.default\">\n\t\t\t\t\t\t\t\t\t<p>Our goal is to build <strong>a positive work environment <\/strong>based on ethics, trust, and respect.\u00a0<\/p>\t\t\t\t\t\t\t\t<\/div>\n\t\t<div class=\"elementor-element elementor-element-681df7e e-con-full e-flex e-con e-child\" data-id=\"681df7e\" data-element_type=\"container\" data-e-type=\"container\">\n\t\t\t\t<div class=\"elementor-element elementor-element-1cc6d0b elementor-widget elementor-widget-heading\" data-id=\"1cc6d0b\" data-element_type=\"widget\" data-e-type=\"widget\" data-widget_type=\"heading.default\">\n\t\t\t\t\t<h5 class=\"elementor-heading-title elementor-size-default\">Quality Control Inspector<\/h5>\t\t\t\t<\/div>\n\t\t\t\t<div class=\"elementor-element elementor-element-0ec8a09 elementor-widget elementor-widget-text-editor\" data-id=\"0ec8a09\" data-element_type=\"widget\" data-e-type=\"widget\" data-widget_type=\"text-editor.default\">\n\t\t\t\t\t\t\t\t\t<p><strong>Employment Type<\/strong>: Full-time Employment (HPP)<br \/><strong>Location:<\/strong>Mlad\u00e1 Boleslav District<\/p>\t\t\t\t\t\t\t\t<\/div>\n\t\t\t\t<div class=\"elementor-element elementor-element-c6e8843 elementor-widget elementor-widget-text-editor\" data-id=\"c6e8843\" data-element_type=\"widget\" data-e-type=\"widget\" data-widget_type=\"text-editor.default\">\n\t\t\t\t\t\t\t\t\t<p>Your task will not be heavy physical work, but rather careful work that the quality of automotive production relies on. We are looking for reliable people, who never miss a single detail.<\/p>\t\t\t\t\t\t\t\t<\/div>\n\t\t\t\t<div class=\"elementor-element elementor-element-60094ca elementor-widget elementor-widget-button\" data-id=\"60094ca\" data-element_type=\"widget\" data-e-type=\"widget\" data-widget_type=\"button.default\">\n\t\t\t\t\t\t\t\t\t\t<a class=\"elementor-button elementor-button-link elementor-size-sm\" href=\"https:\/\/www.tax-norma.cz\/en\/kontrolor-kontrolorka-kvality-dilu\/\">\n\t\t\t\t\t\t<span class=\"elementor-button-content-wrapper\">\n\t\t\t\t\t\t\t\t\t<span class=\"elementor-button-text\">View Details<\/span>\n\t\t\t\t\t<\/span>\n\t\t\t\t\t<\/a>\n\t\t\t\t\t\t\t\t<\/div>\n\t\t\t\t<\/div>\n\t\t<div class=\"elementor-element elementor-element-f8da80c e-con-full e-flex e-con e-child\" data-id=\"f8da80c\" data-element_type=\"container\" data-e-type=\"container\">\n\t\t\t\t<div class=\"elementor-element elementor-element-1c6c0e8 elementor-widget elementor-widget-heading\" data-id=\"1c6c0e8\" data-element_type=\"widget\" data-e-type=\"widget\" data-widget_type=\"heading.default\">\n\t\t\t\t\t<h5 class=\"elementor-heading-title elementor-size-default\">Quality Control Inspector<\/h5>\t\t\t\t<\/div>\n\t\t\t\t<div class=\"elementor-element elementor-element-340011e elementor-widget elementor-widget-text-editor\" data-id=\"340011e\" data-element_type=\"widget\" data-e-type=\"widget\" data-widget_type=\"text-editor.default\">\n\t\t\t\t\t\t\t\t\t<p><strong>Employment Type<\/strong>: Part-time Job (DP\u010c or DPP)<br><strong>Location:<\/strong>Mlad\u00e1 Boleslav District<\/p>\t\t\t\t\t\t\t\t<\/div>\n\t\t\t\t<div class=\"elementor-element elementor-element-2f96b24 elementor-widget elementor-widget-text-editor\" data-id=\"2f96b24\" data-element_type=\"widget\" data-e-type=\"widget\" data-widget_type=\"text-editor.default\">\n\t\t\t\t\t\t\t\t\t<p>Your task will not be heavy physical work, but rather careful work that the quality of automotive production relies on. We are looking for reliable people, who never miss a single detail.<\/p>\t\t\t\t\t\t\t\t<\/div>\n\t\t\t\t<div class=\"elementor-element elementor-element-d4067ad elementor-widget elementor-widget-button\" data-id=\"d4067ad\" data-element_type=\"widget\" data-e-type=\"widget\" data-widget_type=\"button.default\">\n\t\t\t\t\t\t\t\t\t\t<a class=\"elementor-button elementor-button-link elementor-size-sm\" href=\"https:\/\/www.tax-norma.cz\/en\/kontrolor-kontrolorka-kvality-dilu\/\">\n\t\t\t\t\t\t<span class=\"elementor-button-content-wrapper\">\n\t\t\t\t\t\t\t\t\t<span class=\"elementor-button-text\">View Details<\/span>\n\t\t\t\t\t<\/span>\n\t\t\t\t\t<\/a>\n\t\t\t\t\t\t\t\t<\/div>\n\t\t\t\t<\/div>\n\t\t\t\t\t<\/div>\n\t\t\t\t<\/div>\n\t\t\t\t<\/div>","protected":false},"excerpt":{"rendered":"<p>Sta\u0148te se sou\u010d\u00e1st\u00ed na\u0161eho t\u00fdm\u016f Hled\u00e1te stabiln\u00ed pr\u00e1ci nebo flexibiln\u00ed p\u0159iv\u00fdd\u011blek? Jsme \u010desk\u00e1 rodinn\u00e1 firma, kter\u00e1 si zakl\u00e1d\u00e1 na f\u00e9rov\u00e9m p\u0159\u00edstupu, d\u00edky tomu zn\u00e1me ka\u017ed\u00e9ho \u010dlena t\u00fdmu velmi dob\u0159e a v\u00e1\u017e\u00edme si kvalitn\u011b odveden\u00e9 pr\u00e1ce. VOLN\u00c9 POZICE Koho aktu\u00e1ln\u011b hled\u00e1me? Klademe si za c\u00edl budovat pozitivn\u00ed pracovn\u00ed prost\u0159ed\u00edzalo\u017een\u00e9 na etice, d\u016fv\u011b\u0159e a respektu.&nbsp; Klademe si [&hellip;]<\/p>\n","protected":false},"author":3,"featured_media":0,"parent":0,"menu_order":0,"comment_status":"closed","ping_status":"closed","template":"","meta":{"footnotes":""},"class_list":["post-303","page","type-page","status-publish","hentry"],"blocksy_meta":[],"_links":{"self":[{"href":"https:\/\/www.tax-norma.cz\/en\/wp-json\/wp\/v2\/pages\/303","targetHints":{"allow":["GET"]}}],"collection":[{"href":"https:\/\/www.tax-norma.cz\/en\/wp-json\/wp\/v2\/pages"}],"about":[{"href":"https:\/\/www.tax-norma.cz\/en\/wp-json\/wp\/v2\/types\/page"}],"author":[{"embeddable":true,"href":"https:\/\/www.tax-norma.cz\/en\/wp-json\/wp\/v2\/users\/3"}],"replies":[{"embeddable":true,"href":"https:\/\/www.tax-norma.cz\/en\/wp-json\/wp\/v2\/comments?post=303"}],"version-history":[{"count":43,"href":"https:\/\/www.tax-norma.cz\/en\/wp-json\/wp\/v2\/pages\/303\/revisions"}],"predecessor-version":[{"id":657,"href":"https:\/\/www.tax-norma.cz\/en\/wp-json\/wp\/v2\/pages\/303\/revisions\/657"}],"wp:attachment":[{"href":"https:\/\/www.tax-norma.cz\/en\/wp-json\/wp\/v2\/media?parent=303"}],"curies":[{"name":"wp","href":"https:\/\/api.w.org\/{rel}","templated":true}]}}