{"id":350,"date":"2026-03-27T14:04:55","date_gmt":"2026-03-27T13:04:55","guid":{"rendered":"https:\/\/www.tax-norma.cz\/?page_id=350"},"modified":"2026-04-01T11:50:23","modified_gmt":"2026-04-01T09:50:23","slug":"nase-hodnoty","status":"publish","type":"page","link":"https:\/\/www.tax-norma.cz\/en\/nase-hodnoty\/","title":{"rendered":"Our Values"},"content":{"rendered":"<div data-elementor-type=\"wp-page\" data-elementor-id=\"350\" class=\"elementor elementor-350\">\n\t\t\t\t<div class=\"elementor-element elementor-element-22b3080 e-flex e-con-boxed e-con e-parent\" data-id=\"22b3080\" data-element_type=\"container\" data-e-type=\"container\">\n\t\t\t\t\t<div class=\"e-con-inner\">\n\t\t<div class=\"elementor-element elementor-element-5c82929 e-con-full e-flex e-con e-child\" data-id=\"5c82929\" data-element_type=\"container\" data-e-type=\"container\" data-settings=\"{&quot;background_background&quot;:&quot;classic&quot;}\">\n\t\t\t\t<div class=\"elementor-element elementor-element-c013259 elementor-widget elementor-widget-heading\" data-id=\"c013259\" data-element_type=\"widget\" data-e-type=\"widget\" data-widget_type=\"heading.default\">\n\t\t\t\t\t<h1 class=\"elementor-heading-title elementor-size-default\">Our Values<\/h1>\t\t\t\t<\/div>\n\t\t\t\t<div class=\"elementor-element elementor-element-e9f68cf elementor-widget elementor-widget-heading\" data-id=\"e9f68cf\" data-element_type=\"widget\" data-e-type=\"widget\" data-widget_type=\"heading.default\">\n\t\t\t\t\t<h3 class=\"elementor-heading-title elementor-size-default\">Ethics, Safety, and Sustainability<\/h3>\t\t\t\t<\/div>\n\t\t\t\t<div class=\"elementor-element elementor-element-78ecbe3 elementor-widget elementor-widget-text-editor\" data-id=\"78ecbe3\" data-element_type=\"widget\" data-e-type=\"widget\" data-widget_type=\"text-editor.default\">\n\t\t\t\t\t\t\t\t\t<p>Our business is built on <strong>honesty, responsibility, and respect<\/strong> for people and the environment. Our goal is not only to deliver 100% quality work for our customers but also to build a positive and safe work environment.<\/p>\t\t\t\t\t\t\t\t<\/div>\n\t\t\t\t<\/div>\n\t\t\t\t\t<\/div>\n\t\t\t\t<\/div>\n\t\t<div class=\"elementor-element elementor-element-20664db e-flex e-con-boxed e-con e-parent\" data-id=\"20664db\" data-element_type=\"container\" data-e-type=\"container\">\n\t\t\t\t\t<div class=\"e-con-inner\">\n\t\t\t\t<div class=\"elementor-element elementor-element-8a8adf9 elementor-widget elementor-widget-heading\" data-id=\"8a8adf9\" data-element_type=\"widget\" data-e-type=\"widget\" data-widget_type=\"heading.default\">\n\t\t\t\t\t<h4 class=\"elementor-heading-title elementor-size-default\">1. Ethical and Transparent Business<\/h4>\t\t\t\t<\/div>\n\t\t\t\t<div class=\"elementor-element elementor-element-3e9b5c3 elementor-widget elementor-widget-text-editor\" data-id=\"3e9b5c3\" data-element_type=\"widget\" data-e-type=\"widget\" data-widget_type=\"text-editor.default\">\n\t\t\t\t\t\t\t\t\t<p><span data-path-to-node=\"6,2\"><span class=\"citation-81\">We uphold <strong>the highest standards of ethics<\/strong> and integrity<\/span><\/span><span data-path-to-node=\"6,4\">. <\/span><span data-path-to-node=\"6,6\"><span class=\"citation-80\">We strictly reject any form of corruption, extortion, or bribery<\/span><\/span><span data-path-to-node=\"6,8\">. <\/span><span data-path-to-node=\"6,10\"><span class=\"citation-79\"><strong>We act transparently<\/strong>, take responsibility for our actions, and comply with all applicable laws<\/span><\/span><span data-path-to-node=\"6,12\">. <\/span><span data-path-to-node=\"6,14\"><span class=\"citation-78\">We expect the same commitment from our business partners<\/span><\/span><span data-path-to-node=\"6,16\">.<\/span><\/p>\t\t\t\t\t\t\t\t<\/div>\n\t\t\t\t<div class=\"elementor-element elementor-element-1276dfd elementor-widget elementor-widget-heading\" data-id=\"1276dfd\" data-element_type=\"widget\" data-e-type=\"widget\" data-widget_type=\"heading.default\">\n\t\t\t\t\t<h4 class=\"elementor-heading-title elementor-size-default\">2. Our People and a Safe Workplace<\/h4>\t\t\t\t<\/div>\n\t\t\t\t<div class=\"elementor-element elementor-element-7840957 elementor-widget elementor-widget-text-editor\" data-id=\"7840957\" data-element_type=\"widget\" data-e-type=\"widget\" data-widget_type=\"text-editor.default\">\n\t\t\t\t\t\t\t\t\t<p id=\"p-rc_edb8870cfbe0561b-68\" data-path-to-node=\"7\"><span data-path-to-node=\"7,2\"><span class=\"citation-77\"><strong>Safety and health<\/strong> are our absolute priorities<\/span><\/span><span data-path-to-node=\"7,4\">.<\/span><\/p><ul data-path-to-node=\"8\"><li><p id=\"p-rc_edb8870cfbe0561b-69\" data-path-to-node=\"8,0,0\"><span data-path-to-node=\"8,0,0,1\"><span class=\"citation-76\"><strong>We provide equal opportunities<\/strong> and do not tolerate any form of discrimination or harassment based on age, gender, or beliefs<\/span><\/span><span data-path-to-node=\"8,0,0,3\">.<\/span><\/p><\/li><li><p id=\"p-rc_edb8870cfbe0561b-70\" data-path-to-node=\"8,1,0\"><span data-path-to-node=\"8,1,0,1\"><span class=\"citation-75\">We ensure <strong>fair wages and benefits<\/strong> for our employees and promote a healthy work-life balance<\/span><\/span><span data-path-to-node=\"8,1,0,3\">.<\/span><\/p><\/li><li><p id=\"p-rc_edb8870cfbe0561b-71\" data-path-to-node=\"8,2,0\"><span data-path-to-node=\"8,2,0,1\"><span class=\"citation-74\">We adapt our workplaces <strong>to minimize injury risks<\/strong> and ensure proper ergonomics<\/span><\/span><span data-path-to-node=\"8,2,0,3\">.<\/span><\/p><\/li><li><p id=\"p-rc_edb8870cfbe0561b-72\" data-path-to-node=\"8,3,0\"><span data-path-to-node=\"8,3,0,1\"><span class=\"citation-73 interactive-span-hovered\">We strictly reject any form of forced or child labor<\/span><\/span><span data-path-to-node=\"8,3,0,3\">.<\/span><\/p><\/li><\/ul>\t\t\t\t\t\t\t\t<\/div>\n\t\t\t\t<div class=\"elementor-element elementor-element-507ae19 elementor-widget elementor-widget-heading\" data-id=\"507ae19\" data-element_type=\"widget\" data-e-type=\"widget\" data-widget_type=\"heading.default\">\n\t\t\t\t\t<h4 class=\"elementor-heading-title elementor-size-default\">3. Environmental Responsibility<\/h4>\t\t\t\t<\/div>\n\t\t\t\t<div class=\"elementor-element elementor-element-57551b8 elementor-widget elementor-widget-text-editor\" data-id=\"57551b8\" data-element_type=\"widget\" data-e-type=\"widget\" data-widget_type=\"text-editor.default\">\n\t\t\t\t\t\t\t\t\t<p id=\"p-rc_edb8870cfbe0561b-73\" data-path-to-node=\"9\"><span data-path-to-node=\"9,2\"><span class=\"citation-72\">We recognize the impact of industry on our planet and actively strive <strong>to minimize our ecological footprint<\/strong><\/span><\/span><span data-path-to-node=\"9,4\">.<\/span><\/p><ul data-path-to-node=\"10\"><li><p id=\"p-rc_edb8870cfbe0561b-74\" data-path-to-node=\"10,0,0\"><span data-path-to-node=\"10,0,0,1\"><span class=\"citation-71\">We emphasize <strong>the efficient use of energy<\/strong> and natural resources<\/span><\/span><span data-path-to-node=\"10,0,0,3\">.<\/span><\/p><\/li><li><p id=\"p-rc_edb8870cfbe0561b-75\" data-path-to-node=\"10,1,0\"><span data-path-to-node=\"10,1,0,1\"><span class=\"citation-70\"><strong>We are commited to recycling,<\/strong>the reuse of materials, and strive <strong>to reduce waste production<\/strong><\/span><\/span><span data-path-to-node=\"10,1,0,3\">.<\/span><\/p><\/li><li><p id=\"p-rc_edb8870cfbe0561b-76\" data-path-to-node=\"10,2,0\"><span data-path-to-node=\"10,2,0,1\"><span class=\"citation-69 interactive-span-hovered\">We respect nature and are committed to preserving biodiversity and sustainable land use<\/span><\/span><span data-path-to-node=\"10,2,0,3\">.<\/span><\/p><\/li><\/ul>\t\t\t\t\t\t\t\t<\/div>\n\t\t\t\t<div class=\"elementor-element elementor-element-6f1d277 elementor-widget elementor-widget-heading\" data-id=\"6f1d277\" data-element_type=\"widget\" data-e-type=\"widget\" data-widget_type=\"heading.default\">\n\t\t\t\t\t<h4 class=\"elementor-heading-title elementor-size-default\">4. Open Communication<\/h4>\t\t\t\t<\/div>\n\t\t\t\t<div class=\"elementor-element elementor-element-4b6519f elementor-widget elementor-widget-text-editor\" data-id=\"4b6519f\" data-element_type=\"widget\" data-e-type=\"widget\" data-widget_type=\"text-editor.default\">\n\t\t\t\t\t\t\t\t\t<p id=\"p-rc_edb8870cfbe0561b-68\" data-path-to-node=\"7\"><span data-path-to-node=\"11,2\"><span class=\"citation-68\">We value open communication<\/span><\/span><span data-path-to-node=\"11,4\">. <\/span><span data-path-to-node=\"11,6\"><span class=\"citation-67\">If any of our employees or partners encounter behavior that violates our Code of Conduct, we have a transparent grievance mechanism in place<\/span><\/span><span data-path-to-node=\"11,8\">. <\/span><span data-path-to-node=\"11,10\"><span class=\"citation-66\">Concerns can be reported (even anonymously) to the email address <\/span><a href=\"mailto:tax-norma@tax-norma.cz\"><b data-path-to-node=\"11,10\" data-index-in-node=\"43\"><span class=\"citation-66\">tax-norma@tax-norma.cz<\/span><\/b><\/a><\/span><span data-path-to-node=\"11,12\">. <\/span><span data-path-to-node=\"11,14\"><span class=\"citation-65\">We guarantee maximum protection for the whistleblower and the confidentiality of all information<\/span><\/span><span data-path-to-node=\"11,16\">.<\/span><\/p>\t\t\t\t\t\t\t\t<\/div>\n\t\t\t\t\t<\/div>\n\t\t\t\t<\/div>\n\t\t\t\t<\/div>","protected":false},"excerpt":{"rendered":"<p>Na\u0161e hodnoty Etika, bezpe\u010dnost a udr\u017eitelnost Ve spole\u010dnosti TAX-NORMA s.r.o. zakl\u00e1d\u00e1me na\u0161e podnik\u00e1n\u00ed na poctivosti, zodpov\u011bdnosti a respektu k lidem i p\u0159\u00edrod\u011b. Na\u0161\u00edm c\u00edlem je nejen odv\u00e1d\u011bt stoprocentn\u00ed pr\u00e1ci pro na\u0161e z\u00e1kazn\u00edky, ale tak\u00e9 budovat pozitivn\u00ed a bezpe\u010dn\u00e9 pracovn\u00ed prost\u0159ed\u00ed. 1. Etika a transparentn\u00ed podnik\u00e1n\u00ed Zakl\u00e1d\u00e1me si na nejvy\u0161\u0161\u00edch standardech etiky a integrity. Striktn\u011b odm\u00edt\u00e1me [&hellip;]<\/p>\n","protected":false},"author":4,"featured_media":0,"parent":0,"menu_order":0,"comment_status":"closed","ping_status":"closed","template":"","meta":{"footnotes":""},"class_list":["post-350","page","type-page","status-publish","hentry"],"blocksy_meta":[],"_links":{"self":[{"href":"https:\/\/www.tax-norma.cz\/en\/wp-json\/wp\/v2\/pages\/350","targetHints":{"allow":["GET"]}}],"collection":[{"href":"https:\/\/www.tax-norma.cz\/en\/wp-json\/wp\/v2\/pages"}],"about":[{"href":"https:\/\/www.tax-norma.cz\/en\/wp-json\/wp\/v2\/types\/page"}],"author":[{"embeddable":true,"href":"https:\/\/www.tax-norma.cz\/en\/wp-json\/wp\/v2\/users\/4"}],"replies":[{"embeddable":true,"href":"https:\/\/www.tax-norma.cz\/en\/wp-json\/wp\/v2\/comments?post=350"}],"version-history":[{"count":30,"href":"https:\/\/www.tax-norma.cz\/en\/wp-json\/wp\/v2\/pages\/350\/revisions"}],"predecessor-version":[{"id":595,"href":"https:\/\/www.tax-norma.cz\/en\/wp-json\/wp\/v2\/pages\/350\/revisions\/595"}],"wp:attachment":[{"href":"https:\/\/www.tax-norma.cz\/en\/wp-json\/wp\/v2\/media?parent=350"}],"curies":[{"name":"wp","href":"https:\/\/api.w.org\/{rel}","templated":true}]}}