{"id":543,"date":"2026-04-01T10:48:19","date_gmt":"2026-04-01T08:48:19","guid":{"rendered":"https:\/\/www.tax-norma.cz\/?page_id=543"},"modified":"2026-04-01T11:45:49","modified_gmt":"2026-04-01T09:45:49","slug":"certifikace","status":"publish","type":"page","link":"https:\/\/www.tax-norma.cz\/en\/certifikace\/","title":{"rendered":"Certification"},"content":{"rendered":"<div data-elementor-type=\"wp-page\" data-elementor-id=\"543\" class=\"elementor elementor-543\">\n\t\t\t\t<div class=\"elementor-element elementor-element-1bb675e e-flex e-con-boxed e-con e-parent\" data-id=\"1bb675e\" data-element_type=\"container\" data-e-type=\"container\">\n\t\t\t\t\t<div class=\"e-con-inner\">\n\t\t<div class=\"elementor-element elementor-element-f402bc6 e-con-full e-flex e-con e-child\" data-id=\"f402bc6\" data-element_type=\"container\" data-e-type=\"container\" data-settings=\"{&quot;background_background&quot;:&quot;classic&quot;}\">\n\t\t<div class=\"elementor-element elementor-element-422b3a6 e-con-full e-flex e-con e-child\" data-id=\"422b3a6\" data-element_type=\"container\" data-e-type=\"container\">\n\t\t<div class=\"elementor-element elementor-element-087a5fe e-con-full e-flex e-con e-child\" data-id=\"087a5fe\" data-element_type=\"container\" data-e-type=\"container\">\n\t\t\t\t<div class=\"elementor-element elementor-element-f6e8b6c elementor-widget elementor-widget-image\" data-id=\"f6e8b6c\" data-element_type=\"widget\" data-e-type=\"widget\" data-widget_type=\"image.default\">\n\t\t\t\t\t\t\t\t\t\t\t\t\t\t\t<img fetchpriority=\"high\" decoding=\"async\" width=\"2560\" height=\"2560\" src=\"https:\/\/www.tax-norma.cz\/wp-content\/uploads\/2026\/04\/TS_logo_RGB-scaled.webp\" class=\"attachment-full size-full wp-image-542\" alt=\"\" srcset=\"https:\/\/www.tax-norma.cz\/wp-content\/uploads\/2026\/04\/TS_logo_RGB-scaled.webp 2560w, https:\/\/www.tax-norma.cz\/wp-content\/uploads\/2026\/04\/TS_logo_RGB-300x300.webp 300w, https:\/\/www.tax-norma.cz\/wp-content\/uploads\/2026\/04\/TS_logo_RGB-1024x1024.webp 1024w, https:\/\/www.tax-norma.cz\/wp-content\/uploads\/2026\/04\/TS_logo_RGB-150x150.webp 150w, https:\/\/www.tax-norma.cz\/wp-content\/uploads\/2026\/04\/TS_logo_RGB-768x768.webp 768w, https:\/\/www.tax-norma.cz\/wp-content\/uploads\/2026\/04\/TS_logo_RGB-1536x1536.webp 1536w, https:\/\/www.tax-norma.cz\/wp-content\/uploads\/2026\/04\/TS_logo_RGB-2048x2048.webp 2048w, https:\/\/www.tax-norma.cz\/wp-content\/uploads\/2026\/04\/TS_logo_RGB-12x12.webp 12w\" sizes=\"(max-width: 2560px) 100vw, 2560px\" \/>\t\t\t\t\t\t\t\t\t\t\t\t\t\t\t<\/div>\n\t\t\t\t<\/div>\n\t\t<div class=\"elementor-element elementor-element-462681c e-con-full e-flex e-con e-child\" data-id=\"462681c\" data-element_type=\"container\" data-e-type=\"container\">\n\t\t\t\t<div class=\"elementor-element elementor-element-3374eb3 elementor-widget elementor-widget-heading\" data-id=\"3374eb3\" data-element_type=\"widget\" data-e-type=\"widget\" data-widget_type=\"heading.default\">\n\t\t\t\t\t<h1 class=\"elementor-heading-title elementor-size-default\">Our Quality Certification<\/h1>\t\t\t\t<\/div>\n\t\t\t\t<div class=\"elementor-element elementor-element-e08d25b elementor-widget elementor-widget-heading\" data-id=\"e08d25b\" data-element_type=\"widget\" data-e-type=\"widget\" data-widget_type=\"heading.default\">\n\t\t\t\t\t<h3 class=\"elementor-heading-title elementor-size-default\">ISO 9001:2016<\/h3>\t\t\t\t<\/div>\n\t\t\t\t<div class=\"elementor-element elementor-element-28ca550 elementor-widget elementor-widget-text-editor\" data-id=\"28ca550\" data-element_type=\"widget\" data-e-type=\"widget\" data-widget_type=\"text-editor.default\">\n\t\t\t\t\t\t\t\t\t<p>In the automotive industry, there is no room for error. <strong>The quality<\/strong> of our work and <strong>the reliability<\/strong> of our processes are <strong>our absolute priorities<\/strong>We are proud holders of <strong>the ISO 9001:2016 certification<\/strong> . Our processes are regularly <strong>audited by the independent certification authority T\u00dcV S\u00dcD,<\/strong> ensuring we meet the strictest international standards.<\/p>\t\t\t\t\t\t\t\t<\/div>\n\t\t\t\t<\/div>\n\t\t\t\t<\/div>\n\t\t\t\t<\/div>\n\t\t\t\t\t<\/div>\n\t\t\t\t<\/div>\n\t\t<div class=\"elementor-element elementor-element-06018bf e-flex e-con-boxed e-con e-parent\" data-id=\"06018bf\" data-element_type=\"container\" data-e-type=\"container\">\n\t\t\t\t\t<div class=\"e-con-inner\">\n\t\t\t\t<div class=\"elementor-element elementor-element-b526c5c elementor-widget elementor-widget-heading\" data-id=\"b526c5c\" data-element_type=\"widget\" data-e-type=\"widget\" data-widget_type=\"heading.default\">\n\t\t\t\t\t<h3 class=\"elementor-heading-title elementor-size-default\">What does this mean for our customers?<\/h3>\t\t\t\t<\/div>\n\t\t\t\t<div class=\"elementor-element elementor-element-e9137e7 elementor-icon-list--layout-traditional elementor-list-item-link-full_width elementor-widget elementor-widget-icon-list\" data-id=\"e9137e7\" data-element_type=\"widget\" data-e-type=\"widget\" data-widget_type=\"icon-list.default\">\n\t\t\t\t\t\t\t<ul class=\"elementor-icon-list-items\">\n\t\t\t\t\t\t\t<li class=\"elementor-icon-list-item\">\n\t\t\t\t\t\t\t\t\t\t\t<span class=\"elementor-icon-list-icon\">\n\t\t\t\t\t\t\t<svg aria-hidden=\"true\" class=\"e-font-icon-svg e-fas-check-circle\" viewbox=\"0 0 512 512\" xmlns=\"http:\/\/www.w3.org\/2000\/svg\"><path d=\"M504 256c0 136.967-111.033 248-248 248S8 392.967 8 256 119.033 8 256 8s248 111.033 248 248zM227.314 387.314l184-184c6.248-6.248 6.248-16.379 0-22.627l-22.627-22.627c-6.248-6.249-16.379-6.249-22.628 0L216 308.118l-70.059-70.059c-6.248-6.248-16.379-6.248-22.628 0l-22.627 22.627c-6.248 6.248-6.248 16.379 0 22.627l104 104c6.249 6.249 16.379 6.249 22.628.001z\"><\/path><\/svg>\t\t\t\t\t\t<\/span>\n\t\t\t\t\t\t\t\t\t\t<span class=\"elementor-icon-list-text\"><b>Guaranteed Quality:<\/b>Our inspection and sorting processes are highly standardized and subject to strict rules.<\/span>\n\t\t\t\t\t\t\t\t\t<\/li>\n\t\t\t\t\t\t\t\t<li class=\"elementor-icon-list-item\">\n\t\t\t\t\t\t\t\t\t\t\t<span class=\"elementor-icon-list-icon\">\n\t\t\t\t\t\t\t<svg aria-hidden=\"true\" class=\"e-font-icon-svg e-fas-check-circle\" viewbox=\"0 0 512 512\" xmlns=\"http:\/\/www.w3.org\/2000\/svg\"><path d=\"M504 256c0 136.967-111.033 248-248 248S8 392.967 8 256 119.033 8 256 8s248 111.033 248 248zM227.314 387.314l184-184c6.248-6.248 6.248-16.379 0-22.627l-22.627-22.627c-6.248-6.249-16.379-6.249-22.628 0L216 308.118l-70.059-70.059c-6.248-6.248-16.379-6.248-22.628 0l-22.627 22.627c-6.248 6.248-6.248 16.379 0 22.627l104 104c6.249 6.249 16.379 6.249 22.628.001z\"><\/path><\/svg>\t\t\t\t\t\t<\/span>\n\t\t\t\t\t\t\t\t\t\t<span class=\"elementor-icon-list-text\"><b>100% Traceability:<\/b>Every step of our work is carefully recorded and reported. You have complete certainty regarding the history of every part.<\/span>\n\t\t\t\t\t\t\t\t\t<\/li>\n\t\t\t\t\t\t\t\t<li class=\"elementor-icon-list-item\">\n\t\t\t\t\t\t\t\t\t\t\t<span class=\"elementor-icon-list-icon\">\n\t\t\t\t\t\t\t<svg aria-hidden=\"true\" class=\"e-font-icon-svg e-fas-check-circle\" viewbox=\"0 0 512 512\" xmlns=\"http:\/\/www.w3.org\/2000\/svg\"><path d=\"M504 256c0 136.967-111.033 248-248 248S8 392.967 8 256 119.033 8 256 8s248 111.033 248 248zM227.314 387.314l184-184c6.248-6.248 6.248-16.379 0-22.627l-22.627-22.627c-6.248-6.249-16.379-6.249-22.628 0L216 308.118l-70.059-70.059c-6.248-6.248-16.379-6.248-22.628 0l-22.627 22.627c-6.248 6.248-6.248 16.379 0 22.627l104 104c6.249 6.249 16.379 6.249 22.628.001z\"><\/path><\/svg>\t\t\t\t\t\t<\/span>\n\t\t\t\t\t\t\t\t\t\t<span class=\"elementor-icon-list-text\"><b>Continuous Improvement:<\/b>Regular external audits drive us to continuously streamline our work and train our team.<\/span>\n\t\t\t\t\t\t\t\t\t<\/li>\n\t\t\t\t\t\t<\/ul>\n\t\t\t\t\t\t<\/div>\n\t\t\t\t\t<\/div>\n\t\t\t\t<\/div>\n\t\t\t\t<\/div>","protected":false},"excerpt":{"rendered":"<p>Na\u0161e certifikace ISO 9001:2016 V automobilov\u00e9m pr\u016fmyslu nen\u00ed prostor pro chyby. Kvalita na\u0161\u00ed pr\u00e1ce a spolehlivost proces\u016f jsou pro n\u00e1s absolutn\u00ed prioritou. Proto jsme hrd\u00fdmi dr\u017eiteli certifik\u00e1tu ISO 9001:2016 pro syst\u00e9m managementu kvality. Na\u0161e procesy jsou pravideln\u011b auditov\u00e1ny nez\u00e1vislou certifika\u010dn\u00ed autoritou T\u00dcV S\u00dcD, co\u017e zaru\u010duje, \u017ee spl\u0148ujeme ty nejp\u0159\u00edsn\u011bj\u0161\u00ed mezin\u00e1rodn\u00ed standardy. Co to znamen\u00e1 pro [&hellip;]<\/p>\n","protected":false},"author":4,"featured_media":0,"parent":0,"menu_order":0,"comment_status":"closed","ping_status":"closed","template":"","meta":{"footnotes":""},"class_list":["post-543","page","type-page","status-publish","hentry"],"blocksy_meta":[],"_links":{"self":[{"href":"https:\/\/www.tax-norma.cz\/en\/wp-json\/wp\/v2\/pages\/543","targetHints":{"allow":["GET"]}}],"collection":[{"href":"https:\/\/www.tax-norma.cz\/en\/wp-json\/wp\/v2\/pages"}],"about":[{"href":"https:\/\/www.tax-norma.cz\/en\/wp-json\/wp\/v2\/types\/page"}],"author":[{"embeddable":true,"href":"https:\/\/www.tax-norma.cz\/en\/wp-json\/wp\/v2\/users\/4"}],"replies":[{"embeddable":true,"href":"https:\/\/www.tax-norma.cz\/en\/wp-json\/wp\/v2\/comments?post=543"}],"version-history":[{"count":20,"href":"https:\/\/www.tax-norma.cz\/en\/wp-json\/wp\/v2\/pages\/543\/revisions"}],"predecessor-version":[{"id":603,"href":"https:\/\/www.tax-norma.cz\/en\/wp-json\/wp\/v2\/pages\/543\/revisions\/603"}],"wp:attachment":[{"href":"https:\/\/www.tax-norma.cz\/en\/wp-json\/wp\/v2\/media?parent=543"}],"curies":[{"name":"wp","href":"https:\/\/api.w.org\/{rel}","templated":true}]}}